{"id":1167,"date":"2024-01-09T21:20:59","date_gmt":"2024-01-10T00:20:59","guid":{"rendered":"https:\/\/studiouve.com.br\/?page_id=1167"},"modified":"2024-01-14T23:36:19","modified_gmt":"2024-01-15T02:36:19","slug":"projeto-lf","status":"publish","type":"page","link":"https:\/\/studiouve.com.br\/index.php\/projeto-lf\/","title":{"rendered":"projeto lf"},"content":{"rendered":"<div class=\"fusion-fullwidth fullwidth-box fusion-builder-row-1 fusion-flex-container has-pattern-background has-mask-background nonhundred-percent-fullwidth non-hundred-percent-height-scrolling\" style=\"background-color: rgba(255,255,255,0);background-position: center center;background-repeat: no-repeat;border-width: 0px 0px 0px 0px;border-color:var(--awb-color4);border-style:solid;\" ><div class=\"fusion-builder-row fusion-row fusion-flex-align-items-flex-start\" style=\"max-width:1216.8px;margin-left: calc(-4% \/ 2 );margin-right: calc(-4% \/ 2 );\"><div class=\"fusion-layout-column fusion_builder_column fusion-builder-column-0 fusion_builder_column_1_1 1_1 fusion-flex-column\"><div class=\"fusion-column-wrapper fusion-flex-justify-content-flex-start fusion-content-layout-column\" style=\"background-position:left top;background-repeat:no-repeat;-webkit-background-size:cover;-moz-background-size:cover;-o-background-size:cover;background-size:cover;padding: 0px 0px 0px 0px;\"><style type=\"text\/css\">@media only screen and (max-width:1024px) {.fusion-title.fusion-title-1{margin-top:0px!important; margin-right:0px!important;margin-bottom:31px!important;margin-left:0px!important;}}@media only screen and (max-width:640px) {.fusion-title.fusion-title-1{margin-top:0px!important; margin-right:0px!important;margin-bottom:20px!important; margin-left:0px!important;}}<\/style><div class=\"fusion-title title fusion-title-1 fusion-title-text fusion-title-size-one\" style=\"margin-top:0px;margin-right:0px;margin-bottom:31px;margin-left:0px;\"><div class=\"title-sep-container title-sep-container-left fusion-no-large-visibility fusion-no-medium-visibility fusion-no-small-visibility\"><div class=\"title-sep sep-\" style=\"border-color:var(--awb-color4);\"><\/div><\/div><span class=\"awb-title-spacer fusion-no-large-visibility fusion-no-medium-visibility fusion-no-small-visibility\"><\/span><h1 class=\"title-heading-left fusion-responsive-typography-calculated\" style=\"margin:0;--fontSize:70;line-height:var(--awb-typography1-line-height);\"><h2>AP\u00ca LF | LARISSA FURTADO &#8211; INTERIORES<\/h2><\/h1><span class=\"awb-title-spacer\"><\/span><div class=\"title-sep-container title-sep-container-right\"><div class=\"title-sep sep-\" style=\"border-color:var(--awb-color4);\"><\/div><\/div><\/div><div class=\"fusion-text fusion-text-1\" style=\"margin-top:-70px;\"><p>45M\u00b2 &#8211; VILA TOSTOI &#8211; SP<\/p>\n<\/div><div class=\"fusion-text fusion-text-2\"><p>&#8220;Apartamento de 45 m\u00b2 localizado no bairro do Vila Tostoi, um projeto que se destaca pela eleg\u00e2ncia dos tons amadeirados, a serenidade do branco e o frescor do verde. Essa combina\u00e7\u00e3o cria um ambiente acolhedor e equilibrado, onde a natureza se faz presente tanto nos detalhes quanto nos elementos estruturais, proporcionando uma sensa\u00e7\u00e3o de bem-estar e tranquilidade aos moradores.&#8221;<\/p>\n<\/div><\/div><style type=\"text\/css\">.fusion-body .fusion-builder-column-0{width:100% !important;margin-top : 0px;margin-bottom : 20px;}.fusion-builder-column-0 > .fusion-column-wrapper {padding-top : 0px !important;padding-right : 0px !important;margin-right : 1.92%;padding-bottom : 0px !important;padding-left : 0px !important;margin-left : 1.92%;}@media only screen and (max-width:1024px) {.fusion-body .fusion-builder-column-0{width:100% !important;order : 0;}.fusion-builder-column-0 > .fusion-column-wrapper {margin-right : 1.92%;margin-left : 1.92%;}}@media only screen and (max-width:640px) {.fusion-body .fusion-builder-column-0{width:100% !important;order : 0;}.fusion-builder-column-0 > .fusion-column-wrapper {margin-right : 1.92%;margin-left : 1.92%;}}<\/style><\/div><div class=\"fusion-layout-column fusion_builder_column fusion-builder-column-1 fusion_builder_column_1_1 1_1 fusion-flex-column\"><div class=\"fusion-column-wrapper fusion-flex-justify-content-flex-start fusion-content-layout-column\" style=\"background-position:left top;background-repeat:no-repeat;-webkit-background-size:cover;-moz-background-size:cover;-o-background-size:cover;background-size:cover;padding: 0px 0px 0px 0px;\"><style type=\"text\/css\">.fusion-gallery-1 .fusion-gallery-image {border:0px solid var(--awb-color3);}<\/style><div class=\"awb-gallery-wrapper awb-gallery-wrapper-1 button-span-no\" style=\"--more-btn-alignment:center;\"><div class=\"fusion-gallery fusion-gallery-container fusion-grid-2 fusion-columns-total-9 fusion-gallery-layout-grid fusion-gallery-1\" style=\"margin:-5px;\"><div style=\"padding:5px;\" class=\"fusion-grid-column fusion-gallery-column fusion-gallery-column-2 hover-type-none\"><div class=\"fusion-gallery-image\"><a href=\"https:\/\/studiouve.com.br\/wp-content\/uploads\/2024\/01\/Enscape_2023-10-23-13-46-40.png\" rel=\"noreferrer\" data-rel=\"iLightbox[gallery_image_1]\" class=\"fusion-lightbox\" target=\"_self\"><img decoding=\"async\" src=\"https:\/\/studiouve.com.br\/wp-content\/uploads\/2024\/01\/Enscape_2023-10-23-13-46-40.png\" data-orig-src=\"https:\/\/studiouve.com.br\/wp-content\/uploads\/2024\/01\/Enscape_2023-10-23-13-46-40.png\" width=\"1080\" height=\"1080\" alt=\"\" title=\"Enscape_2023-10-23-13-46-40\" aria-label=\"Enscape_2023-10-23-13-46-40\" class=\"lazyload img-responsive wp-image-1177\" srcset=\"data:image\/svg+xml,%3Csvg%20xmlns%3D%27http%3A%2F%2Fwww.w3.org%2F2000%2Fsvg%27%20width%3D%271080%27%20height%3D%271080%27%20viewBox%3D%270%200%201080%201080%27%3E%3Crect%20width%3D%271080%27%20height%3D%271080%27%20fill-opacity%3D%220%22%2F%3E%3C%2Fsvg%3E\" data-srcset=\"https:\/\/studiouve.com.br\/wp-content\/uploads\/2024\/01\/Enscape_2023-10-23-13-46-40-200x200.png 200w, https:\/\/studiouve.com.br\/wp-content\/uploads\/2024\/01\/Enscape_2023-10-23-13-46-40-400x400.png 400w, https:\/\/studiouve.com.br\/wp-content\/uploads\/2024\/01\/Enscape_2023-10-23-13-46-40-600x600.png 600w, https:\/\/studiouve.com.br\/wp-content\/uploads\/2024\/01\/Enscape_2023-10-23-13-46-40-800x800.png 800w, https:\/\/studiouve.com.br\/wp-content\/uploads\/2024\/01\/Enscape_2023-10-23-13-46-40.png 1080w\" data-sizes=\"auto\" data-orig-sizes=\"(min-width: 2200px) 100vw, (min-width: 712px) 583px, (min-width: 640px) 712px, \" \/><\/a><\/div><\/div><div style=\"padding:5px;\" class=\"fusion-grid-column fusion-gallery-column fusion-gallery-column-2 hover-type-none\"><div class=\"fusion-gallery-image\"><a href=\"https:\/\/studiouve.com.br\/wp-content\/uploads\/2024\/01\/Enscape_2023-10-23-13-47-26.png\" rel=\"noreferrer\" data-rel=\"iLightbox[gallery_image_1]\" class=\"fusion-lightbox\" target=\"_self\"><img decoding=\"async\" src=\"https:\/\/studiouve.com.br\/wp-content\/uploads\/2024\/01\/Enscape_2023-10-23-13-47-26.png\" data-orig-src=\"https:\/\/studiouve.com.br\/wp-content\/uploads\/2024\/01\/Enscape_2023-10-23-13-47-26.png\" width=\"1080\" height=\"1080\" alt=\"\" title=\"Enscape_2023-10-23-13-47-26\" aria-label=\"Enscape_2023-10-23-13-47-26\" class=\"lazyload img-responsive wp-image-1178\" srcset=\"data:image\/svg+xml,%3Csvg%20xmlns%3D%27http%3A%2F%2Fwww.w3.org%2F2000%2Fsvg%27%20width%3D%271080%27%20height%3D%271080%27%20viewBox%3D%270%200%201080%201080%27%3E%3Crect%20width%3D%271080%27%20height%3D%271080%27%20fill-opacity%3D%220%22%2F%3E%3C%2Fsvg%3E\" data-srcset=\"https:\/\/studiouve.com.br\/wp-content\/uploads\/2024\/01\/Enscape_2023-10-23-13-47-26-200x200.png 200w, https:\/\/studiouve.com.br\/wp-content\/uploads\/2024\/01\/Enscape_2023-10-23-13-47-26-400x400.png 400w, https:\/\/studiouve.com.br\/wp-content\/uploads\/2024\/01\/Enscape_2023-10-23-13-47-26-600x600.png 600w, https:\/\/studiouve.com.br\/wp-content\/uploads\/2024\/01\/Enscape_2023-10-23-13-47-26-800x800.png 800w, https:\/\/studiouve.com.br\/wp-content\/uploads\/2024\/01\/Enscape_2023-10-23-13-47-26.png 1080w\" data-sizes=\"auto\" data-orig-sizes=\"(min-width: 2200px) 100vw, (min-width: 712px) 583px, (min-width: 640px) 712px, \" \/><\/a><\/div><\/div><div class=\"clearfix\"><\/div><div style=\"padding:5px;\" class=\"fusion-grid-column fusion-gallery-column fusion-gallery-column-2 hover-type-none\"><div class=\"fusion-gallery-image\"><a href=\"https:\/\/studiouve.com.br\/wp-content\/uploads\/2024\/01\/Enscape_2023-10-23-13-47-43.png\" rel=\"noreferrer\" data-rel=\"iLightbox[gallery_image_1]\" class=\"fusion-lightbox\" target=\"_self\"><img decoding=\"async\" src=\"https:\/\/studiouve.com.br\/wp-content\/uploads\/2024\/01\/Enscape_2023-10-23-13-47-43.png\" data-orig-src=\"https:\/\/studiouve.com.br\/wp-content\/uploads\/2024\/01\/Enscape_2023-10-23-13-47-43.png\" width=\"1080\" height=\"1080\" alt=\"\" title=\"Enscape_2023-10-23-13-47-43\" aria-label=\"Enscape_2023-10-23-13-47-43\" class=\"lazyload img-responsive wp-image-1179\" srcset=\"data:image\/svg+xml,%3Csvg%20xmlns%3D%27http%3A%2F%2Fwww.w3.org%2F2000%2Fsvg%27%20width%3D%271080%27%20height%3D%271080%27%20viewBox%3D%270%200%201080%201080%27%3E%3Crect%20width%3D%271080%27%20height%3D%271080%27%20fill-opacity%3D%220%22%2F%3E%3C%2Fsvg%3E\" data-srcset=\"https:\/\/studiouve.com.br\/wp-content\/uploads\/2024\/01\/Enscape_2023-10-23-13-47-43-200x200.png 200w, https:\/\/studiouve.com.br\/wp-content\/uploads\/2024\/01\/Enscape_2023-10-23-13-47-43-400x400.png 400w, https:\/\/studiouve.com.br\/wp-content\/uploads\/2024\/01\/Enscape_2023-10-23-13-47-43-600x600.png 600w, https:\/\/studiouve.com.br\/wp-content\/uploads\/2024\/01\/Enscape_2023-10-23-13-47-43-800x800.png 800w, https:\/\/studiouve.com.br\/wp-content\/uploads\/2024\/01\/Enscape_2023-10-23-13-47-43.png 1080w\" data-sizes=\"auto\" data-orig-sizes=\"(min-width: 2200px) 100vw, (min-width: 712px) 583px, (min-width: 640px) 712px, \" \/><\/a><\/div><\/div><div style=\"padding:5px;\" class=\"fusion-grid-column fusion-gallery-column fusion-gallery-column-2 hover-type-none\"><div class=\"fusion-gallery-image\"><a href=\"https:\/\/studiouve.com.br\/wp-content\/uploads\/2024\/01\/Enscape_2023-10-23-15-27-47.png\" rel=\"noreferrer\" data-rel=\"iLightbox[gallery_image_1]\" class=\"fusion-lightbox\" target=\"_self\"><img decoding=\"async\" src=\"https:\/\/studiouve.com.br\/wp-content\/uploads\/2024\/01\/Enscape_2023-10-23-15-27-47.png\" data-orig-src=\"https:\/\/studiouve.com.br\/wp-content\/uploads\/2024\/01\/Enscape_2023-10-23-15-27-47.png\" width=\"1080\" height=\"1080\" alt=\"\" title=\"Enscape_2023-10-23-15-27-47\" aria-label=\"Enscape_2023-10-23-15-27-47\" class=\"lazyload img-responsive wp-image-1180\" srcset=\"data:image\/svg+xml,%3Csvg%20xmlns%3D%27http%3A%2F%2Fwww.w3.org%2F2000%2Fsvg%27%20width%3D%271080%27%20height%3D%271080%27%20viewBox%3D%270%200%201080%201080%27%3E%3Crect%20width%3D%271080%27%20height%3D%271080%27%20fill-opacity%3D%220%22%2F%3E%3C%2Fsvg%3E\" data-srcset=\"https:\/\/studiouve.com.br\/wp-content\/uploads\/2024\/01\/Enscape_2023-10-23-15-27-47-200x200.png 200w, https:\/\/studiouve.com.br\/wp-content\/uploads\/2024\/01\/Enscape_2023-10-23-15-27-47-400x400.png 400w, https:\/\/studiouve.com.br\/wp-content\/uploads\/2024\/01\/Enscape_2023-10-23-15-27-47-600x600.png 600w, https:\/\/studiouve.com.br\/wp-content\/uploads\/2024\/01\/Enscape_2023-10-23-15-27-47-800x800.png 800w, https:\/\/studiouve.com.br\/wp-content\/uploads\/2024\/01\/Enscape_2023-10-23-15-27-47.png 1080w\" data-sizes=\"auto\" data-orig-sizes=\"(min-width: 2200px) 100vw, (min-width: 712px) 583px, (min-width: 640px) 712px, \" \/><\/a><\/div><\/div><div class=\"clearfix\"><\/div><div style=\"padding:5px;\" class=\"fusion-grid-column fusion-gallery-column fusion-gallery-column-2 hover-type-none\"><div class=\"fusion-gallery-image\"><a href=\"https:\/\/studiouve.com.br\/wp-content\/uploads\/2024\/01\/Enscape_2023-10-20-14-09-00_03.png\" rel=\"noreferrer\" data-rel=\"iLightbox[gallery_image_1]\" class=\"fusion-lightbox\" target=\"_self\"><img decoding=\"async\" src=\"https:\/\/studiouve.com.br\/wp-content\/uploads\/2024\/01\/Enscape_2023-10-20-14-09-00_03.png\" data-orig-src=\"https:\/\/studiouve.com.br\/wp-content\/uploads\/2024\/01\/Enscape_2023-10-20-14-09-00_03.png\" width=\"1080\" height=\"1080\" alt=\"\" title=\"Enscape_2023-10-20-14-09-00_03\" aria-label=\"Enscape_2023-10-20-14-09-00_03\" class=\"lazyload img-responsive wp-image-1181\" srcset=\"data:image\/svg+xml,%3Csvg%20xmlns%3D%27http%3A%2F%2Fwww.w3.org%2F2000%2Fsvg%27%20width%3D%271080%27%20height%3D%271080%27%20viewBox%3D%270%200%201080%201080%27%3E%3Crect%20width%3D%271080%27%20height%3D%271080%27%20fill-opacity%3D%220%22%2F%3E%3C%2Fsvg%3E\" data-srcset=\"https:\/\/studiouve.com.br\/wp-content\/uploads\/2024\/01\/Enscape_2023-10-20-14-09-00_03-200x200.png 200w, https:\/\/studiouve.com.br\/wp-content\/uploads\/2024\/01\/Enscape_2023-10-20-14-09-00_03-400x400.png 400w, https:\/\/studiouve.com.br\/wp-content\/uploads\/2024\/01\/Enscape_2023-10-20-14-09-00_03-600x600.png 600w, https:\/\/studiouve.com.br\/wp-content\/uploads\/2024\/01\/Enscape_2023-10-20-14-09-00_03-800x800.png 800w, https:\/\/studiouve.com.br\/wp-content\/uploads\/2024\/01\/Enscape_2023-10-20-14-09-00_03.png 1080w\" data-sizes=\"auto\" data-orig-sizes=\"(min-width: 2200px) 100vw, (min-width: 712px) 583px, (min-width: 640px) 712px, \" \/><\/a><\/div><\/div><div style=\"padding:5px;\" class=\"fusion-grid-column fusion-gallery-column fusion-gallery-column-2 hover-type-none\"><div class=\"fusion-gallery-image\"><a href=\"https:\/\/studiouve.com.br\/wp-content\/uploads\/2024\/01\/Enscape_2023-10-20-14-09-00_08.png\" rel=\"noreferrer\" data-rel=\"iLightbox[gallery_image_1]\" class=\"fusion-lightbox\" target=\"_self\"><img decoding=\"async\" src=\"https:\/\/studiouve.com.br\/wp-content\/uploads\/2024\/01\/Enscape_2023-10-20-14-09-00_08.png\" data-orig-src=\"https:\/\/studiouve.com.br\/wp-content\/uploads\/2024\/01\/Enscape_2023-10-20-14-09-00_08.png\" width=\"1080\" height=\"1080\" alt=\"\" title=\"Enscape_2023-10-20-14-09-00_08\" aria-label=\"Enscape_2023-10-20-14-09-00_08\" class=\"lazyload img-responsive wp-image-1182\" srcset=\"data:image\/svg+xml,%3Csvg%20xmlns%3D%27http%3A%2F%2Fwww.w3.org%2F2000%2Fsvg%27%20width%3D%271080%27%20height%3D%271080%27%20viewBox%3D%270%200%201080%201080%27%3E%3Crect%20width%3D%271080%27%20height%3D%271080%27%20fill-opacity%3D%220%22%2F%3E%3C%2Fsvg%3E\" data-srcset=\"https:\/\/studiouve.com.br\/wp-content\/uploads\/2024\/01\/Enscape_2023-10-20-14-09-00_08-200x200.png 200w, https:\/\/studiouve.com.br\/wp-content\/uploads\/2024\/01\/Enscape_2023-10-20-14-09-00_08-400x400.png 400w, https:\/\/studiouve.com.br\/wp-content\/uploads\/2024\/01\/Enscape_2023-10-20-14-09-00_08-600x600.png 600w, https:\/\/studiouve.com.br\/wp-content\/uploads\/2024\/01\/Enscape_2023-10-20-14-09-00_08-800x800.png 800w, https:\/\/studiouve.com.br\/wp-content\/uploads\/2024\/01\/Enscape_2023-10-20-14-09-00_08.png 1080w\" data-sizes=\"auto\" data-orig-sizes=\"(min-width: 2200px) 100vw, (min-width: 712px) 583px, (min-width: 640px) 712px, \" \/><\/a><\/div><\/div><div class=\"clearfix\"><\/div><div style=\"padding:5px;\" class=\"fusion-grid-column fusion-gallery-column fusion-gallery-column-2 hover-type-none\"><div class=\"fusion-gallery-image\"><a href=\"https:\/\/studiouve.com.br\/wp-content\/uploads\/2024\/01\/Enscape_2023-10-20-14-09-00_16.png\" rel=\"noreferrer\" data-rel=\"iLightbox[gallery_image_1]\" class=\"fusion-lightbox\" target=\"_self\"><img decoding=\"async\" src=\"https:\/\/studiouve.com.br\/wp-content\/uploads\/2024\/01\/Enscape_2023-10-20-14-09-00_16.png\" data-orig-src=\"https:\/\/studiouve.com.br\/wp-content\/uploads\/2024\/01\/Enscape_2023-10-20-14-09-00_16.png\" width=\"1080\" height=\"1080\" alt=\"\" title=\"Enscape_2023-10-20-14-09-00_16\" aria-label=\"Enscape_2023-10-20-14-09-00_16\" class=\"lazyload img-responsive wp-image-1183\" srcset=\"data:image\/svg+xml,%3Csvg%20xmlns%3D%27http%3A%2F%2Fwww.w3.org%2F2000%2Fsvg%27%20width%3D%271080%27%20height%3D%271080%27%20viewBox%3D%270%200%201080%201080%27%3E%3Crect%20width%3D%271080%27%20height%3D%271080%27%20fill-opacity%3D%220%22%2F%3E%3C%2Fsvg%3E\" data-srcset=\"https:\/\/studiouve.com.br\/wp-content\/uploads\/2024\/01\/Enscape_2023-10-20-14-09-00_16-200x200.png 200w, https:\/\/studiouve.com.br\/wp-content\/uploads\/2024\/01\/Enscape_2023-10-20-14-09-00_16-400x400.png 400w, https:\/\/studiouve.com.br\/wp-content\/uploads\/2024\/01\/Enscape_2023-10-20-14-09-00_16-600x600.png 600w, https:\/\/studiouve.com.br\/wp-content\/uploads\/2024\/01\/Enscape_2023-10-20-14-09-00_16-800x800.png 800w, https:\/\/studiouve.com.br\/wp-content\/uploads\/2024\/01\/Enscape_2023-10-20-14-09-00_16.png 1080w\" data-sizes=\"auto\" data-orig-sizes=\"(min-width: 2200px) 100vw, (min-width: 712px) 583px, (min-width: 640px) 712px, \" \/><\/a><\/div><\/div><div style=\"padding:5px;\" class=\"fusion-grid-column fusion-gallery-column fusion-gallery-column-2 hover-type-none\"><div class=\"fusion-gallery-image\"><a href=\"https:\/\/studiouve.com.br\/wp-content\/uploads\/2024\/01\/Enscape_2023-10-20-14-09-00_25.png\" rel=\"noreferrer\" data-rel=\"iLightbox[gallery_image_1]\" class=\"fusion-lightbox\" target=\"_self\"><img decoding=\"async\" src=\"https:\/\/studiouve.com.br\/wp-content\/uploads\/2024\/01\/Enscape_2023-10-20-14-09-00_25.png\" data-orig-src=\"https:\/\/studiouve.com.br\/wp-content\/uploads\/2024\/01\/Enscape_2023-10-20-14-09-00_25.png\" width=\"1080\" height=\"1080\" alt=\"\" title=\"Enscape_2023-10-20-14-09-00_25\" aria-label=\"Enscape_2023-10-20-14-09-00_25\" class=\"lazyload img-responsive wp-image-1184\" srcset=\"data:image\/svg+xml,%3Csvg%20xmlns%3D%27http%3A%2F%2Fwww.w3.org%2F2000%2Fsvg%27%20width%3D%271080%27%20height%3D%271080%27%20viewBox%3D%270%200%201080%201080%27%3E%3Crect%20width%3D%271080%27%20height%3D%271080%27%20fill-opacity%3D%220%22%2F%3E%3C%2Fsvg%3E\" data-srcset=\"https:\/\/studiouve.com.br\/wp-content\/uploads\/2024\/01\/Enscape_2023-10-20-14-09-00_25-200x200.png 200w, https:\/\/studiouve.com.br\/wp-content\/uploads\/2024\/01\/Enscape_2023-10-20-14-09-00_25-400x400.png 400w, https:\/\/studiouve.com.br\/wp-content\/uploads\/2024\/01\/Enscape_2023-10-20-14-09-00_25-600x600.png 600w, https:\/\/studiouve.com.br\/wp-content\/uploads\/2024\/01\/Enscape_2023-10-20-14-09-00_25-800x800.png 800w, https:\/\/studiouve.com.br\/wp-content\/uploads\/2024\/01\/Enscape_2023-10-20-14-09-00_25.png 1080w\" data-sizes=\"auto\" data-orig-sizes=\"(min-width: 2200px) 100vw, (min-width: 712px) 583px, (min-width: 640px) 712px, \" \/><\/a><\/div><\/div><div class=\"clearfix\"><\/div><div style=\"padding:5px;\" class=\"fusion-grid-column fusion-gallery-column fusion-gallery-column-2 hover-type-none\"><div class=\"fusion-gallery-image\"><a href=\"https:\/\/studiouve.com.br\/wp-content\/uploads\/2024\/01\/Enscape_2023-10-20-14-13-19.png\" rel=\"noreferrer\" data-rel=\"iLightbox[gallery_image_1]\" class=\"fusion-lightbox\" target=\"_self\"><img decoding=\"async\" src=\"https:\/\/studiouve.com.br\/wp-content\/uploads\/2024\/01\/Enscape_2023-10-20-14-13-19.png\" data-orig-src=\"https:\/\/studiouve.com.br\/wp-content\/uploads\/2024\/01\/Enscape_2023-10-20-14-13-19.png\" width=\"1080\" height=\"1080\" alt=\"\" title=\"Enscape_2023-10-20-14-13-19\" aria-label=\"Enscape_2023-10-20-14-13-19\" class=\"lazyload img-responsive wp-image-1185\" srcset=\"data:image\/svg+xml,%3Csvg%20xmlns%3D%27http%3A%2F%2Fwww.w3.org%2F2000%2Fsvg%27%20width%3D%271080%27%20height%3D%271080%27%20viewBox%3D%270%200%201080%201080%27%3E%3Crect%20width%3D%271080%27%20height%3D%271080%27%20fill-opacity%3D%220%22%2F%3E%3C%2Fsvg%3E\" data-srcset=\"https:\/\/studiouve.com.br\/wp-content\/uploads\/2024\/01\/Enscape_2023-10-20-14-13-19-200x200.png 200w, https:\/\/studiouve.com.br\/wp-content\/uploads\/2024\/01\/Enscape_2023-10-20-14-13-19-400x400.png 400w, https:\/\/studiouve.com.br\/wp-content\/uploads\/2024\/01\/Enscape_2023-10-20-14-13-19-600x600.png 600w, https:\/\/studiouve.com.br\/wp-content\/uploads\/2024\/01\/Enscape_2023-10-20-14-13-19-800x800.png 800w, https:\/\/studiouve.com.br\/wp-content\/uploads\/2024\/01\/Enscape_2023-10-20-14-13-19.png 1080w\" data-sizes=\"auto\" data-orig-sizes=\"(min-width: 2200px) 100vw, (min-width: 712px) 583px, (min-width: 640px) 712px, \" \/><\/a><\/div><\/div><\/div><\/div><\/div><style type=\"text\/css\">.fusion-body .fusion-builder-column-1{width:100% !important;margin-top : 0px;margin-bottom : 20px;}.fusion-builder-column-1 > .fusion-column-wrapper {padding-top : 0px !important;padding-right : 0px !important;margin-right : 1.92%;padding-bottom : 0px !important;padding-left : 0px !important;margin-left : 1.92%;}@media only screen and (max-width:1024px) {.fusion-body .fusion-builder-column-1{width:100% !important;order : 0;}.fusion-builder-column-1 > .fusion-column-wrapper {margin-right : 1.92%;margin-left : 1.92%;}}@media only screen and (max-width:640px) {.fusion-body .fusion-builder-column-1{width:100% !important;order : 0;}.fusion-builder-column-1 > .fusion-column-wrapper {margin-right : 1.92%;margin-left : 1.92%;}}<\/style><\/div><\/div><style type=\"text\/css\">.fusion-body .fusion-flex-container.fusion-builder-row-1{ padding-top : 0px;margin-top : 0px;padding-right : 0px;padding-bottom : 0px;margin-bottom : 0px;padding-left : 0px;}<\/style><\/div>\n","protected":false},"excerpt":{"rendered":"","protected":false},"author":1,"featured_media":0,"parent":0,"menu_order":0,"comment_status":"closed","ping_status":"closed","template":"100-width.php","meta":[],"aioseo_notices":[],"_links":{"self":[{"href":"https:\/\/studiouve.com.br\/index.php\/wp-json\/wp\/v2\/pages\/1167"}],"collection":[{"href":"https:\/\/studiouve.com.br\/index.php\/wp-json\/wp\/v2\/pages"}],"about":[{"href":"https:\/\/studiouve.com.br\/index.php\/wp-json\/wp\/v2\/types\/page"}],"author":[{"embeddable":true,"href":"https:\/\/studiouve.com.br\/index.php\/wp-json\/wp\/v2\/users\/1"}],"replies":[{"embeddable":true,"href":"https:\/\/studiouve.com.br\/index.php\/wp-json\/wp\/v2\/comments?post=1167"}],"version-history":[{"count":3,"href":"https:\/\/studiouve.com.br\/index.php\/wp-json\/wp\/v2\/pages\/1167\/revisions"}],"predecessor-version":[{"id":1186,"href":"https:\/\/studiouve.com.br\/index.php\/wp-json\/wp\/v2\/pages\/1167\/revisions\/1186"}],"wp:attachment":[{"href":"https:\/\/studiouve.com.br\/index.php\/wp-json\/wp\/v2\/media?parent=1167"}],"curies":[{"name":"wp","href":"https:\/\/api.w.org\/{rel}","templated":true}]}}