{"id":936,"date":"2023-06-23T20:34:58","date_gmt":"2023-06-23T23:34:58","guid":{"rendered":"https:\/\/studiouve.com.br\/?page_id=936"},"modified":"2023-08-18T05:51:55","modified_gmt":"2023-08-18T08:51:55","slug":"projeto-1","status":"publish","type":"page","link":"https:\/\/studiouve.com.br\/index.php\/projeto-1\/","title":{"rendered":"projeto ry"},"content":{"rendered":"<div class=\"fusion-fullwidth fullwidth-box fusion-builder-row-1 fusion-flex-container has-pattern-background has-mask-background nonhundred-percent-fullwidth non-hundred-percent-height-scrolling\" style=\"background-color: rgba(255,255,255,0);background-position: center center;background-repeat: no-repeat;border-width: 0px 0px 0px 0px;border-color:var(--awb-color4);border-style:solid;\" ><div class=\"fusion-builder-row fusion-row fusion-flex-align-items-flex-start\" style=\"max-width:1216.8px;margin-left: calc(-4% \/ 2 );margin-right: calc(-4% \/ 2 );\"><div class=\"fusion-layout-column fusion_builder_column fusion-builder-column-0 fusion_builder_column_1_1 1_1 fusion-flex-column\"><div class=\"fusion-column-wrapper fusion-flex-justify-content-flex-start fusion-content-layout-column\" style=\"background-position:left top;background-repeat:no-repeat;-webkit-background-size:cover;-moz-background-size:cover;-o-background-size:cover;background-size:cover;padding: 0px 0px 0px 0px;\"><style type=\"text\/css\">@media only screen and (max-width:1024px) {.fusion-title.fusion-title-1{margin-top:0px!important; margin-right:0px!important;margin-bottom:31px!important;margin-left:0px!important;}}@media only screen and (max-width:640px) {.fusion-title.fusion-title-1{margin-top:0px!important; margin-right:0px!important;margin-bottom:20px!important; margin-left:0px!important;}}<\/style><div class=\"fusion-title title fusion-title-1 fusion-title-text fusion-title-size-one\" style=\"margin-top:0px;margin-right:0px;margin-bottom:31px;margin-left:0px;\"><div class=\"title-sep-container title-sep-container-left fusion-no-large-visibility fusion-no-medium-visibility fusion-no-small-visibility\"><div class=\"title-sep sep-\" style=\"border-color:var(--awb-color4);\"><\/div><\/div><span class=\"awb-title-spacer fusion-no-large-visibility fusion-no-medium-visibility fusion-no-small-visibility\"><\/span><h1 class=\"title-heading-left fusion-responsive-typography-calculated\" style=\"margin:0;--fontSize:70;line-height:var(--awb-typography1-line-height);\"><h2>AP\u00ca RY | RODRIGO YURI &#8211; INTERIORES<\/h2><\/h1><span class=\"awb-title-spacer\"><\/span><div class=\"title-sep-container title-sep-container-right\"><div class=\"title-sep sep-\" style=\"border-color:var(--awb-color4);\"><\/div><\/div><\/div><div class=\"fusion-text fusion-text-1\" style=\"margin-top:-70px;\"><p>35M\u00b2 &#8211; MOOCA &#8211; SP<\/p>\n<\/div><div class=\"fusion-text fusion-text-2\"><p>&#8220;Apartamento de 40 m\u00b2 localizado no bairro do Bel\u00e9m, arquitetado no estilo<br \/>\nindustrial que se revela a partir do revestimento de piso e parede em tijolinho<br \/>\naparente e cimento queimado, m\u00f3veis em madeira e metal e ilumina\u00e7\u00e3o<br \/>\nindustrial.&#8221;<\/p>\n<\/div><\/div><style type=\"text\/css\">.fusion-body .fusion-builder-column-0{width:100% !important;margin-top : 0px;margin-bottom : 20px;}.fusion-builder-column-0 > .fusion-column-wrapper {padding-top : 0px !important;padding-right : 0px !important;margin-right : 1.92%;padding-bottom : 0px !important;padding-left : 0px !important;margin-left : 1.92%;}@media only screen and (max-width:1024px) {.fusion-body .fusion-builder-column-0{width:100% !important;order : 0;}.fusion-builder-column-0 > .fusion-column-wrapper {margin-right : 1.92%;margin-left : 1.92%;}}@media only screen and (max-width:640px) {.fusion-body .fusion-builder-column-0{width:100% !important;order : 0;}.fusion-builder-column-0 > .fusion-column-wrapper {margin-right : 1.92%;margin-left : 1.92%;}}<\/style><\/div><div class=\"fusion-layout-column fusion_builder_column fusion-builder-column-1 fusion_builder_column_1_1 1_1 fusion-flex-column\"><div class=\"fusion-column-wrapper fusion-flex-justify-content-flex-start fusion-content-layout-column\" style=\"background-position:left top;background-repeat:no-repeat;-webkit-background-size:cover;-moz-background-size:cover;-o-background-size:cover;background-size:cover;padding: 0px 0px 0px 0px;\"><style type=\"text\/css\">.fusion-gallery-1 .fusion-gallery-image {border:0px solid var(--awb-color3);}<\/style><div class=\"awb-gallery-wrapper awb-gallery-wrapper-1 button-span-no\" style=\"--more-btn-alignment:center;\"><div class=\"fusion-gallery fusion-gallery-container fusion-grid-2 fusion-columns-total-5 fusion-gallery-layout-grid fusion-gallery-1\" style=\"margin:-5px;\"><div style=\"padding:5px;\" class=\"fusion-grid-column fusion-gallery-column fusion-gallery-column-2 hover-type-none\"><div class=\"fusion-gallery-image\"><a href=\"https:\/\/studiouve.com.br\/wp-content\/uploads\/2022\/10\/IMG-20220711-WA0047.jpg\" rel=\"noreferrer\" data-rel=\"iLightbox[gallery_image_1]\" class=\"fusion-lightbox\" target=\"_self\"><img decoding=\"async\" src=\"https:\/\/studiouve.com.br\/wp-content\/uploads\/2022\/10\/IMG-20220711-WA0047.jpg\" data-orig-src=\"https:\/\/studiouve.com.br\/wp-content\/uploads\/2022\/10\/IMG-20220711-WA0047.jpg\" width=\"1280\" height=\"846\" alt=\"\" title=\"ape ry 1\" aria-label=\"ape ry 1\" class=\"lazyload img-responsive wp-image-659\" srcset=\"data:image\/svg+xml,%3Csvg%20xmlns%3D%27http%3A%2F%2Fwww.w3.org%2F2000%2Fsvg%27%20width%3D%271280%27%20height%3D%27846%27%20viewBox%3D%270%200%201280%20846%27%3E%3Crect%20width%3D%271280%27%20height%3D%27846%27%20fill-opacity%3D%220%22%2F%3E%3C%2Fsvg%3E\" data-srcset=\"https:\/\/studiouve.com.br\/wp-content\/uploads\/2022\/10\/IMG-20220711-WA0047-200x132.jpg 200w, https:\/\/studiouve.com.br\/wp-content\/uploads\/2022\/10\/IMG-20220711-WA0047-400x264.jpg 400w, https:\/\/studiouve.com.br\/wp-content\/uploads\/2022\/10\/IMG-20220711-WA0047-600x397.jpg 600w, https:\/\/studiouve.com.br\/wp-content\/uploads\/2022\/10\/IMG-20220711-WA0047-800x529.jpg 800w, https:\/\/studiouve.com.br\/wp-content\/uploads\/2022\/10\/IMG-20220711-WA0047-1200x793.jpg 1200w, https:\/\/studiouve.com.br\/wp-content\/uploads\/2022\/10\/IMG-20220711-WA0047.jpg 1280w\" data-sizes=\"auto\" data-orig-sizes=\"(min-width: 2200px) 100vw, (min-width: 712px) 583px, (min-width: 640px) 712px, \" \/><\/a><\/div><\/div><div style=\"padding:5px;\" class=\"fusion-grid-column fusion-gallery-column fusion-gallery-column-2 hover-type-none\"><div class=\"fusion-gallery-image\"><a href=\"https:\/\/studiouve.com.br\/wp-content\/uploads\/2022\/10\/IMG-20220711-WA0052.jpg\" rel=\"noreferrer\" data-rel=\"iLightbox[gallery_image_1]\" class=\"fusion-lightbox\" target=\"_self\"><img decoding=\"async\" src=\"https:\/\/studiouve.com.br\/wp-content\/uploads\/2022\/10\/IMG-20220711-WA0052.jpg\" data-orig-src=\"https:\/\/studiouve.com.br\/wp-content\/uploads\/2022\/10\/IMG-20220711-WA0052.jpg\" width=\"1130\" height=\"1280\" alt=\"\" title=\"ape ry 2\" aria-label=\"ape ry 2\" class=\"lazyload img-responsive wp-image-661\" srcset=\"data:image\/svg+xml,%3Csvg%20xmlns%3D%27http%3A%2F%2Fwww.w3.org%2F2000%2Fsvg%27%20width%3D%271130%27%20height%3D%271280%27%20viewBox%3D%270%200%201130%201280%27%3E%3Crect%20width%3D%271130%27%20height%3D%271280%27%20fill-opacity%3D%220%22%2F%3E%3C%2Fsvg%3E\" data-srcset=\"https:\/\/studiouve.com.br\/wp-content\/uploads\/2022\/10\/IMG-20220711-WA0052-200x227.jpg 200w, https:\/\/studiouve.com.br\/wp-content\/uploads\/2022\/10\/IMG-20220711-WA0052-400x453.jpg 400w, https:\/\/studiouve.com.br\/wp-content\/uploads\/2022\/10\/IMG-20220711-WA0052-600x680.jpg 600w, https:\/\/studiouve.com.br\/wp-content\/uploads\/2022\/10\/IMG-20220711-WA0052-800x906.jpg 800w, https:\/\/studiouve.com.br\/wp-content\/uploads\/2022\/10\/IMG-20220711-WA0052.jpg 1130w\" data-sizes=\"auto\" data-orig-sizes=\"(min-width: 2200px) 100vw, (min-width: 712px) 583px, (min-width: 640px) 712px, \" \/><\/a><\/div><\/div><div class=\"clearfix\"><\/div><div style=\"padding:5px;\" class=\"fusion-grid-column fusion-gallery-column fusion-gallery-column-2 hover-type-none\"><div class=\"fusion-gallery-image\"><a href=\"https:\/\/studiouve.com.br\/wp-content\/uploads\/2022\/10\/IMG-20220711-WA0050.jpg\" rel=\"noreferrer\" data-rel=\"iLightbox[gallery_image_1]\" class=\"fusion-lightbox\" target=\"_self\"><img decoding=\"async\" src=\"https:\/\/studiouve.com.br\/wp-content\/uploads\/2022\/10\/IMG-20220711-WA0050.jpg\" data-orig-src=\"https:\/\/studiouve.com.br\/wp-content\/uploads\/2022\/10\/IMG-20220711-WA0050.jpg\" width=\"1126\" height=\"1280\" alt=\"\" title=\"IMG-20220711-WA0050\" aria-label=\"IMG-20220711-WA0050\" class=\"lazyload img-responsive wp-image-660\" srcset=\"data:image\/svg+xml,%3Csvg%20xmlns%3D%27http%3A%2F%2Fwww.w3.org%2F2000%2Fsvg%27%20width%3D%271126%27%20height%3D%271280%27%20viewBox%3D%270%200%201126%201280%27%3E%3Crect%20width%3D%271126%27%20height%3D%271280%27%20fill-opacity%3D%220%22%2F%3E%3C%2Fsvg%3E\" data-srcset=\"https:\/\/studiouve.com.br\/wp-content\/uploads\/2022\/10\/IMG-20220711-WA0050-200x227.jpg 200w, https:\/\/studiouve.com.br\/wp-content\/uploads\/2022\/10\/IMG-20220711-WA0050-400x455.jpg 400w, https:\/\/studiouve.com.br\/wp-content\/uploads\/2022\/10\/IMG-20220711-WA0050-600x682.jpg 600w, https:\/\/studiouve.com.br\/wp-content\/uploads\/2022\/10\/IMG-20220711-WA0050-800x909.jpg 800w, https:\/\/studiouve.com.br\/wp-content\/uploads\/2022\/10\/IMG-20220711-WA0050.jpg 1126w\" data-sizes=\"auto\" data-orig-sizes=\"(min-width: 2200px) 100vw, (min-width: 712px) 583px, (min-width: 640px) 712px, \" \/><\/a><\/div><\/div><div style=\"padding:5px;\" class=\"fusion-grid-column fusion-gallery-column fusion-gallery-column-2 hover-type-none\"><div class=\"fusion-gallery-image\"><a href=\"https:\/\/studiouve.com.br\/wp-content\/uploads\/2022\/10\/IMG-20220711-WA0044.jpg\" rel=\"noreferrer\" data-rel=\"iLightbox[gallery_image_1]\" class=\"fusion-lightbox\" target=\"_self\"><img decoding=\"async\" src=\"https:\/\/studiouve.com.br\/wp-content\/uploads\/2022\/10\/IMG-20220711-WA0044.jpg\" data-orig-src=\"https:\/\/studiouve.com.br\/wp-content\/uploads\/2022\/10\/IMG-20220711-WA0044.jpg\" width=\"1280\" height=\"716\" alt=\"\" title=\"IMG-20220711-WA0044\" aria-label=\"IMG-20220711-WA0044\" class=\"lazyload img-responsive wp-image-658\" srcset=\"data:image\/svg+xml,%3Csvg%20xmlns%3D%27http%3A%2F%2Fwww.w3.org%2F2000%2Fsvg%27%20width%3D%271280%27%20height%3D%27716%27%20viewBox%3D%270%200%201280%20716%27%3E%3Crect%20width%3D%271280%27%20height%3D%27716%27%20fill-opacity%3D%220%22%2F%3E%3C%2Fsvg%3E\" data-srcset=\"https:\/\/studiouve.com.br\/wp-content\/uploads\/2022\/10\/IMG-20220711-WA0044-200x112.jpg 200w, https:\/\/studiouve.com.br\/wp-content\/uploads\/2022\/10\/IMG-20220711-WA0044-400x224.jpg 400w, https:\/\/studiouve.com.br\/wp-content\/uploads\/2022\/10\/IMG-20220711-WA0044-600x336.jpg 600w, https:\/\/studiouve.com.br\/wp-content\/uploads\/2022\/10\/IMG-20220711-WA0044-800x448.jpg 800w, https:\/\/studiouve.com.br\/wp-content\/uploads\/2022\/10\/IMG-20220711-WA0044-1200x671.jpg 1200w, https:\/\/studiouve.com.br\/wp-content\/uploads\/2022\/10\/IMG-20220711-WA0044.jpg 1280w\" data-sizes=\"auto\" data-orig-sizes=\"(min-width: 2200px) 100vw, (min-width: 712px) 583px, (min-width: 640px) 712px, \" \/><\/a><\/div><\/div><div class=\"clearfix\"><\/div><div style=\"padding:5px;\" class=\"fusion-grid-column fusion-gallery-column fusion-gallery-column-2 hover-type-none\"><div class=\"fusion-gallery-image\"><a href=\"https:\/\/studiouve.com.br\/wp-content\/uploads\/2022\/10\/IMG-20220711-WA0041.jpg\" rel=\"noreferrer\" data-rel=\"iLightbox[gallery_image_1]\" class=\"fusion-lightbox\" target=\"_self\"><img decoding=\"async\" src=\"https:\/\/studiouve.com.br\/wp-content\/uploads\/2022\/10\/IMG-20220711-WA0041.jpg\" data-orig-src=\"https:\/\/studiouve.com.br\/wp-content\/uploads\/2022\/10\/IMG-20220711-WA0041.jpg\" width=\"1130\" height=\"1280\" alt=\"\" title=\"IMG-20220711-WA0041\" aria-label=\"IMG-20220711-WA0041\" class=\"lazyload img-responsive wp-image-657\" srcset=\"data:image\/svg+xml,%3Csvg%20xmlns%3D%27http%3A%2F%2Fwww.w3.org%2F2000%2Fsvg%27%20width%3D%271130%27%20height%3D%271280%27%20viewBox%3D%270%200%201130%201280%27%3E%3Crect%20width%3D%271130%27%20height%3D%271280%27%20fill-opacity%3D%220%22%2F%3E%3C%2Fsvg%3E\" data-srcset=\"https:\/\/studiouve.com.br\/wp-content\/uploads\/2022\/10\/IMG-20220711-WA0041-200x227.jpg 200w, https:\/\/studiouve.com.br\/wp-content\/uploads\/2022\/10\/IMG-20220711-WA0041-400x453.jpg 400w, https:\/\/studiouve.com.br\/wp-content\/uploads\/2022\/10\/IMG-20220711-WA0041-600x680.jpg 600w, https:\/\/studiouve.com.br\/wp-content\/uploads\/2022\/10\/IMG-20220711-WA0041-800x906.jpg 800w, https:\/\/studiouve.com.br\/wp-content\/uploads\/2022\/10\/IMG-20220711-WA0041.jpg 1130w\" data-sizes=\"auto\" data-orig-sizes=\"(min-width: 2200px) 100vw, (min-width: 712px) 583px, (min-width: 640px) 712px, \" \/><\/a><\/div><\/div><\/div><\/div><\/div><style type=\"text\/css\">.fusion-body .fusion-builder-column-1{width:100% !important;margin-top : 0px;margin-bottom : 20px;}.fusion-builder-column-1 > .fusion-column-wrapper {padding-top : 0px !important;padding-right : 0px !important;margin-right : 1.92%;padding-bottom : 0px !important;padding-left : 0px !important;margin-left : 1.92%;}@media only screen and (max-width:1024px) {.fusion-body .fusion-builder-column-1{width:100% !important;order : 0;}.fusion-builder-column-1 > .fusion-column-wrapper {margin-right : 1.92%;margin-left : 1.92%;}}@media only screen and (max-width:640px) {.fusion-body .fusion-builder-column-1{width:100% !important;order : 0;}.fusion-builder-column-1 > .fusion-column-wrapper {margin-right : 1.92%;margin-left : 1.92%;}}<\/style><\/div><\/div><style type=\"text\/css\">.fusion-body .fusion-flex-container.fusion-builder-row-1{ padding-top : 0px;margin-top : 0px;padding-right : 0px;padding-bottom : 0px;margin-bottom : 0px;padding-left : 0px;}<\/style><\/div>\n","protected":false},"excerpt":{"rendered":"","protected":false},"author":1,"featured_media":0,"parent":0,"menu_order":0,"comment_status":"closed","ping_status":"closed","template":"100-width.php","meta":[],"aioseo_notices":[],"_links":{"self":[{"href":"https:\/\/studiouve.com.br\/index.php\/wp-json\/wp\/v2\/pages\/936"}],"collection":[{"href":"https:\/\/studiouve.com.br\/index.php\/wp-json\/wp\/v2\/pages"}],"about":[{"href":"https:\/\/studiouve.com.br\/index.php\/wp-json\/wp\/v2\/types\/page"}],"author":[{"embeddable":true,"href":"https:\/\/studiouve.com.br\/index.php\/wp-json\/wp\/v2\/users\/1"}],"replies":[{"embeddable":true,"href":"https:\/\/studiouve.com.br\/index.php\/wp-json\/wp\/v2\/comments?post=936"}],"version-history":[{"count":8,"href":"https:\/\/studiouve.com.br\/index.php\/wp-json\/wp\/v2\/pages\/936\/revisions"}],"predecessor-version":[{"id":986,"href":"https:\/\/studiouve.com.br\/index.php\/wp-json\/wp\/v2\/pages\/936\/revisions\/986"}],"wp:attachment":[{"href":"https:\/\/studiouve.com.br\/index.php\/wp-json\/wp\/v2\/media?parent=936"}],"curies":[{"name":"wp","href":"https:\/\/api.w.org\/{rel}","templated":true}]}}